{"id":194,"date":"2023-10-25T18:11:20","date_gmt":"2023-10-25T18:11:20","guid":{"rendered":"https:\/\/lohjanteho.net\/wordpress\/?page_id=194"},"modified":"2025-11-05T11:46:00","modified_gmt":"2025-11-05T11:46:00","slug":"nuorten-sulkapallo","status":"publish","type":"page","link":"https:\/\/lohjanteho.net\/wordpress\/index.php\/nuorten-sulkapallo\/","title":{"rendered":"Nuoret"},"content":{"rendered":"\n<p>Nuorten sulkapallovuorot on tarkoitettu 9-17 vuotiaille tyt\u00f6ille ja pojille. Vuorot ovat ohjattuja. Vuorot alkavat useimmiten yhteisell\u00e4 l\u00e4mmittelyll\u00e4 ja lyhyell\u00e4 tekniikkaharjoituksella. P\u00e4\u00e4paino on kuitenkin pallottelulla pareittain tai nelinpelin\u00e4.<\/p>\n\n\n\n<p>Harjoittelukausi on 11.8.2025\u201331.5.2026. Kes\u00e4aikaan nuorilla ei ole harjoituksia. Vuorojen alkamisesta tiedotetaan hein\u00e4kuun lopulla. Talvikaudella harjoitukset ovat tiistaisin kello 17:30 &#8211; 18:30 Perttil\u00e4n koululla.<\/p>\n\n\n\n<p>Nuoret voivat osallistua my\u00f6s aikuisten vuoroille mutta vuorolle pit\u00e4isi saapua parin kanssa.<\/p>\n\n\n\n<p>Tulethan vuoroihin ajoissa koska ovet ovat harjoitusten aikana lukossa. Nuorten vuorot maksavat 45\u20ac per puolivuotiskausi (syys ja kev\u00e4t). <\/p>\n\n\n\n<p>Mukaan voi tulla kesken kauden. Helpoin tapa aloittaa on tulla salille paikan p\u00e4\u00e4lle kokeilemaan.<\/p>\n\n\n\n<p>Junnuveto henkil\u00f6t ja aikataulut<\/p>\n\n\n\n<figure class=\"wp-block-table\"><table class=\"has-fixed-layout\"><tbody><tr><td>12.08.2025<\/td><td colspan=\"2\">Petteri -Antti -Jarkko<\/td><\/tr><tr><td>19.08.2025<\/td><td colspan=\"2\">Lauri -Kari Uuttu -Hannes<\/td><\/tr><tr><td>26.08.2025<\/td><td colspan=\"2\">Petteri -Antti -Harri V<\/td><\/tr><tr><td>02.09.2025<\/td><td colspan=\"2\">Lauri -Kari Uuttu -Vihtori<\/td><\/tr><tr><td>09.09.2025<\/td><td colspan=\"2\">Petteri -Antti -Elisa<\/td><\/tr><tr><td>16.09.2025<\/td><td colspan=\"2\">Lauri -Kari Uuttu -Ari<\/td><\/tr><tr><td>23.09.2025<\/td><td colspan=\"2\">Petteri -Antti -Vihtori<\/td><\/tr><tr><td>30.09.2025<\/td><td colspan=\"2\">Lauri -Kari Uuttu &#8211; Tarja<\/td><\/tr><tr><td>07.10.2025<\/td><td colspan=\"2\">Petteri -Antti -Suvi<\/td><\/tr><tr><td>14.10.2025<\/td><td colspan=\"2\">Lauri -Kari Uuttu &#8211; Vihtori<\/td><\/tr><tr><td>21.10.2025<\/td><td colspan=\"2\">Petteri -Antti -Terhi<\/td><\/tr><tr><td>28.10.2025<\/td><td colspan=\"2\">Lauri -Kari Uuttu &#8211; Harri K<\/td><\/tr><tr><td>04.11.2025<\/td><td colspan=\"2\">Petteri -Antti -Vihtori<\/td><\/tr><tr><td>11.11.2025<\/td><td colspan=\"2\">Lauri -Kari Uuttu &#8211; Kari Kavander<\/td><\/tr><tr><td>18.11.2025<\/td><td colspan=\"2\">Petteri -Antti -Markku <\/td><\/tr><tr><td>25.11.2025<\/td><td colspan=\"2\">Lauri -Kari Uuttu &#8211; Vihtori<\/td><\/tr><tr><td>02.12.2025<\/td><td colspan=\"2\">Petteri -Antti -Jukka M<\/td><\/tr><tr><td>09.12.2025<\/td><td colspan=\"2\">Lauri -Kari Uuttu &#8211; Jari<\/td><\/tr><tr><td><strong>23 ja 16.12.2025<\/strong><\/td><td colspan=\"2\"><strong>EI VUOROA<\/strong><\/td><\/tr><tr><td><strong>30.12.2025<\/strong><\/td><td><strong>EI VUOROA<\/strong><\/td><td><\/td><\/tr><tr><td>06.01.2026<\/td><td colspan=\"2\">Lauri -Petteri -Hannes<\/td><\/tr><tr><td>13.01.2026<\/td><td colspan=\"2\">Kari Uuttu-Antti -Harri V<\/td><\/tr><tr><td>20.01.2026<\/td><td colspan=\"2\">Lauri -Petteri -Tero<\/td><\/tr><tr><td>27.01.2026<\/td><td colspan=\"2\">Kari Uuttu-Antti -Elisa<\/td><\/tr><tr><td>03.02.2026<\/td><td colspan=\"2\">Lauri -Petteri -Ari<\/td><\/tr><tr><td>10.02.2026<\/td><td colspan=\"2\">Kari Uuttu-Antti -Kari Kaitanen<\/td><\/tr><tr><td>17.02.2026<\/td><td colspan=\"2\">Lauri -Petteri &#8211; Tarja<\/td><\/tr><tr><td>24.02.2026<\/td><td colspan=\"2\">Kari Uuttu-Antti -Suvi<\/td><\/tr><tr><td>03.03.2026<\/td><td colspan=\"2\">Lauri -Petteri &#8211; Tomi<\/td><\/tr><tr><td>10.03.2026<\/td><td colspan=\"2\">Kari Uuttu-Antti -Terhi<\/td><\/tr><tr><td>17.03.2026<\/td><td colspan=\"2\">Lauri -Petteri &#8211; Marko<\/td><\/tr><tr><td>24.03.2026<\/td><td colspan=\"2\">Kari Uuttu-Antti -Vihtori<\/td><\/tr><tr><td>31.03.2026<\/td><td colspan=\"2\">Lauri -Petteri &#8211; Kari Kavander<\/td><\/tr><tr><td>07.04.2026<\/td><td colspan=\"2\">Kari Uuttu-Antti -Harri K<\/td><\/tr><tr><td>14.04.2026<\/td><td colspan=\"2\">Lauri -Petteri &#8211; Markku<\/td><\/tr><tr><td>21.04.2026<\/td><td colspan=\"2\">Kari Uuttu-Antti -Janne<\/td><\/tr><tr><td>28.04.2026<\/td><td colspan=\"2\">Lauri -Petteri &#8211; Jari<\/td><\/tr><tr><td>05.05.2026<\/td><td colspan=\"2\">Kari Uuttu-Antti -Tero<\/td><\/tr><tr><td>12.05.2026<\/td><td colspan=\"2\">Lauri -Petteri &#8211; Jukka P<\/td><\/tr><tr><td>19.05.2026<\/td><td colspan=\"2\">Kari Uuttu-Antti -Jarkko<\/td><\/tr><tr><td>26.05.2026<\/td><td><\/td><td><\/td><\/tr><\/tbody><\/table><\/figure>\n","protected":false},"excerpt":{"rendered":"<p>Nuorten sulkapallovuorot on tarkoitettu 9-17 vuotiaille tyt\u00f6ille ja pojille. Vuorot ovat ohjattuja. Vuorot alkavat useimmiten yhteisell\u00e4 l\u00e4mmittelyll\u00e4 ja lyhyell\u00e4 tekniikkaharjoituksella. P\u00e4\u00e4paino on kuitenkin pallottelulla pareittain tai nelinpelin\u00e4. Harjoittelukausi on 11.8.2025\u201331.5.2026. Kes\u00e4aikaan nuorilla ei ole harjoituksia. Vuorojen alkamisesta tiedotetaan hein\u00e4kuun lopulla. &hellip; <a href=\"https:\/\/lohjanteho.net\/wordpress\/index.php\/nuorten-sulkapallo\/\">Lue loppuun <span class=\"meta-nav\">&rarr;<\/span><\/a><\/p>\n","protected":false},"author":1,"featured_media":0,"parent":0,"menu_order":0,"comment_status":"closed","ping_status":"closed","template":"","meta":{"footnotes":""},"class_list":["post-194","page","type-page","status-publish","hentry"],"_links":{"self":[{"href":"https:\/\/lohjanteho.net\/wordpress\/index.php\/wp-json\/wp\/v2\/pages\/194","targetHints":{"allow":["GET"]}}],"collection":[{"href":"https:\/\/lohjanteho.net\/wordpress\/index.php\/wp-json\/wp\/v2\/pages"}],"about":[{"href":"https:\/\/lohjanteho.net\/wordpress\/index.php\/wp-json\/wp\/v2\/types\/page"}],"author":[{"embeddable":true,"href":"https:\/\/lohjanteho.net\/wordpress\/index.php\/wp-json\/wp\/v2\/users\/1"}],"replies":[{"embeddable":true,"href":"https:\/\/lohjanteho.net\/wordpress\/index.php\/wp-json\/wp\/v2\/comments?post=194"}],"version-history":[{"count":18,"href":"https:\/\/lohjanteho.net\/wordpress\/index.php\/wp-json\/wp\/v2\/pages\/194\/revisions"}],"predecessor-version":[{"id":370,"href":"https:\/\/lohjanteho.net\/wordpress\/index.php\/wp-json\/wp\/v2\/pages\/194\/revisions\/370"}],"wp:attachment":[{"href":"https:\/\/lohjanteho.net\/wordpress\/index.php\/wp-json\/wp\/v2\/media?parent=194"}],"curies":[{"name":"wp","href":"https:\/\/api.w.org\/{rel}","templated":true}]}}