{"id":2,"date":"2022-11-16T19:38:08","date_gmt":"2022-11-16T19:38:08","guid":{"rendered":"https:\/\/lohjanteho.net\/wordpress\/?page_id=2"},"modified":"2026-04-28T05:15:32","modified_gmt":"2026-04-28T05:15:32","slug":"sample-page","status":"publish","type":"page","link":"https:\/\/lohjanteho.net\/wordpress\/index.php\/sample-page\/","title":{"rendered":"Ajankohtaista"},"content":{"rendered":"\n<p><strong>Seuran Whatsapp ryhm\u00e4<\/strong><\/p>\n\n\n\n<p>Jos haluat liitty\u00e4 Lohjan Tehon ajankohtaisia uutisia ja ilmoituksia sis\u00e4lt\u00e4v\u00e4\u00e4n WhatsApp ryhm\u00e4\u00e4n, nyk\u00e4ise hihasta hallilla jota kuta ryhm\u00e4\u00e4n kuuluvaa tai ilmoita Palaute sivun kautta.<\/p>\n\n\n\n<p>Perttil\u00e4n liikuntahalli koulun k\u00e4yt\u00f6ss\u00e4 ajalla 27-30.2026. Lauantaina 30.5.2026 liikuntasali varattu klo 14.00 saakka.<\/p>\n\n\n\n<p><\/p>\n\n\n\n<p><\/p>\n\n\n\n<p><\/p>\n\n\n\n<p><\/p>\n\n\n\n<p><\/p>\n","protected":false},"excerpt":{"rendered":"<p>Seuran Whatsapp ryhm\u00e4 Jos haluat liitty\u00e4 Lohjan Tehon ajankohtaisia uutisia ja ilmoituksia sis\u00e4lt\u00e4v\u00e4\u00e4n WhatsApp ryhm\u00e4\u00e4n, nyk\u00e4ise hihasta hallilla jota kuta ryhm\u00e4\u00e4n kuuluvaa tai ilmoita Palaute sivun kautta. Perttil\u00e4n liikuntahalli koulun k\u00e4yt\u00f6ss\u00e4 ajalla 27-30.2026. Lauantaina 30.5.2026 liikuntasali varattu klo 14.00 saakka.<\/p>\n","protected":false},"author":1,"featured_media":0,"parent":0,"menu_order":0,"comment_status":"closed","ping_status":"open","template":"","meta":{"footnotes":""},"class_list":["post-2","page","type-page","status-publish","hentry"],"_links":{"self":[{"href":"https:\/\/lohjanteho.net\/wordpress\/index.php\/wp-json\/wp\/v2\/pages\/2","targetHints":{"allow":["GET"]}}],"collection":[{"href":"https:\/\/lohjanteho.net\/wordpress\/index.php\/wp-json\/wp\/v2\/pages"}],"about":[{"href":"https:\/\/lohjanteho.net\/wordpress\/index.php\/wp-json\/wp\/v2\/types\/page"}],"author":[{"embeddable":true,"href":"https:\/\/lohjanteho.net\/wordpress\/index.php\/wp-json\/wp\/v2\/users\/1"}],"replies":[{"embeddable":true,"href":"https:\/\/lohjanteho.net\/wordpress\/index.php\/wp-json\/wp\/v2\/comments?post=2"}],"version-history":[{"count":104,"href":"https:\/\/lohjanteho.net\/wordpress\/index.php\/wp-json\/wp\/v2\/pages\/2\/revisions"}],"predecessor-version":[{"id":388,"href":"https:\/\/lohjanteho.net\/wordpress\/index.php\/wp-json\/wp\/v2\/pages\/2\/revisions\/388"}],"wp:attachment":[{"href":"https:\/\/lohjanteho.net\/wordpress\/index.php\/wp-json\/wp\/v2\/media?parent=2"}],"curies":[{"name":"wp","href":"https:\/\/api.w.org\/{rel}","templated":true}]}}