{"id":28,"date":"2022-11-16T20:18:30","date_gmt":"2022-11-16T20:18:30","guid":{"rendered":"https:\/\/lohjanteho.net\/wordpress\/?page_id=28"},"modified":"2026-01-16T05:19:05","modified_gmt":"2026-01-16T05:19:05","slug":"jasenmaksut","status":"publish","type":"page","link":"https:\/\/lohjanteho.net\/wordpress\/index.php\/jasenmaksut\/","title":{"rendered":"J\u00e4senmaksut"},"content":{"rendered":"\n<p><strong>J\u00e4senmaksu vuodelle 2026<\/strong><\/p>\n\n\n\n<p>Aikuiset 160\u20ac&nbsp;\/ vuosi<br>Nuoret 45\u20ac per puolivuotiskausi (syksy 45\u20ac ja kev\u00e4t 45\u20ac)<br>Kannattajaj\u00e4senmaksu 30\u20ac<\/p>\n\n\n\n<p><strong>Maksutiedot<\/strong><\/p>\n\n\n\n<p>Aikuisten j\u00e4senmaksu tulee suorittaa maaliskuun aikana. Nuorten j\u00e4senmaksu maksetaan puolivuotiskauden alussa syyskuussa ja tammikuussa.<\/p>\n\n\n\n<p>Maksutiedot:<\/p>\n\n\n\n<p>V&amp;U-SEURA LOHJAN TEHO RY<br>F<strong>I65 5236 1850 0035 03<\/strong><\/p>\n\n\n\n<p>K\u00c4YT\u00c4 VIITENUMERONA&nbsp; <strong>2 01605<\/strong>.<\/p>\n\n\n\n<p>Viestikentt\u00e4\u00e4n v\u00e4hint\u00e4\u00e4n maksetun j\u00e4senen nimi, jos mahdollista.<br>Esim. OP-pankissa ei pysty laittamaan sek\u00e4 viitett\u00e4 ett\u00e4 viesti\u00e4. Viite t\u00e4rke\u00e4mpi kuin viesti.<\/p>\n\n\n\n<p>Hei, nyt voi maksaa MobilePay:ta k\u00e4ytt\u00e4en maksuja, tosin sinne menee osuus summasta, joten isommat maksut laittaisin edelleen tilisiirtona. Tehon numero <strong>42257<\/strong>.<\/p>\n","protected":false},"excerpt":{"rendered":"<p>J\u00e4senmaksu vuodelle 2026 Aikuiset 160\u20ac&nbsp;\/ vuosiNuoret 45\u20ac per puolivuotiskausi (syksy 45\u20ac ja kev\u00e4t 45\u20ac)Kannattajaj\u00e4senmaksu 30\u20ac Maksutiedot Aikuisten j\u00e4senmaksu tulee suorittaa maaliskuun aikana. Nuorten j\u00e4senmaksu maksetaan puolivuotiskauden alussa syyskuussa ja tammikuussa. Maksutiedot: V&amp;U-SEURA LOHJAN TEHO RYFI65 5236 1850 0035 03 K\u00c4YT\u00c4 &hellip; <a href=\"https:\/\/lohjanteho.net\/wordpress\/index.php\/jasenmaksut\/\">Lue loppuun <span class=\"meta-nav\">&rarr;<\/span><\/a><\/p>\n","protected":false},"author":1,"featured_media":0,"parent":0,"menu_order":0,"comment_status":"closed","ping_status":"closed","template":"","meta":{"footnotes":""},"class_list":["post-28","page","type-page","status-publish","hentry"],"_links":{"self":[{"href":"https:\/\/lohjanteho.net\/wordpress\/index.php\/wp-json\/wp\/v2\/pages\/28","targetHints":{"allow":["GET"]}}],"collection":[{"href":"https:\/\/lohjanteho.net\/wordpress\/index.php\/wp-json\/wp\/v2\/pages"}],"about":[{"href":"https:\/\/lohjanteho.net\/wordpress\/index.php\/wp-json\/wp\/v2\/types\/page"}],"author":[{"embeddable":true,"href":"https:\/\/lohjanteho.net\/wordpress\/index.php\/wp-json\/wp\/v2\/users\/1"}],"replies":[{"embeddable":true,"href":"https:\/\/lohjanteho.net\/wordpress\/index.php\/wp-json\/wp\/v2\/comments?post=28"}],"version-history":[{"count":15,"href":"https:\/\/lohjanteho.net\/wordpress\/index.php\/wp-json\/wp\/v2\/pages\/28\/revisions"}],"predecessor-version":[{"id":384,"href":"https:\/\/lohjanteho.net\/wordpress\/index.php\/wp-json\/wp\/v2\/pages\/28\/revisions\/384"}],"wp:attachment":[{"href":"https:\/\/lohjanteho.net\/wordpress\/index.php\/wp-json\/wp\/v2\/media?parent=28"}],"curies":[{"name":"wp","href":"https:\/\/api.w.org\/{rel}","templated":true}]}}