{"id":30,"date":"2022-11-16T20:19:02","date_gmt":"2022-11-16T20:19:02","guid":{"rendered":"https:\/\/lohjanteho.net\/wordpress\/?page_id=30"},"modified":"2022-11-16T20:19:02","modified_gmt":"2022-11-16T20:19:02","slug":"soutu","status":"publish","type":"page","link":"https:\/\/lohjanteho.net\/wordpress\/index.php\/soutu\/","title":{"rendered":"Soutu"},"content":{"rendered":"\n<ul class=\"wp-block-list\">\n<li>Jaoksen vet\u00e4j\u00e4 Eero Aalto.<\/li>\n\n\n\n<li>Lohjan Teho osallistuu vuosittain Lohjan J\u00e4rvip\u00e4ivien yhteydess\u00e4 soudettaviin haasteviestikilpailuihin.<\/li>\n\n\n\n<li>Tehosta osallistuu sek\u00e4 nais- ett\u00e4 miesjoukkue.<\/li>\n\n\n\n<li>Seuralla on kaksi vuorosoutuvenett\u00e4.<\/li>\n\n\n\n<li>Kaikki soudusta kiinnostuneet voivat k\u00e4yd\u00e4 kokeilemassa t\u00e4t\u00e4 lajia kes\u00e4aikana.<\/li>\n<\/ul>\n","protected":false},"excerpt":{"rendered":"","protected":false},"author":1,"featured_media":0,"parent":0,"menu_order":0,"comment_status":"closed","ping_status":"closed","template":"","meta":{"footnotes":""},"class_list":["post-30","page","type-page","status-publish","hentry"],"_links":{"self":[{"href":"https:\/\/lohjanteho.net\/wordpress\/index.php\/wp-json\/wp\/v2\/pages\/30","targetHints":{"allow":["GET"]}}],"collection":[{"href":"https:\/\/lohjanteho.net\/wordpress\/index.php\/wp-json\/wp\/v2\/pages"}],"about":[{"href":"https:\/\/lohjanteho.net\/wordpress\/index.php\/wp-json\/wp\/v2\/types\/page"}],"author":[{"embeddable":true,"href":"https:\/\/lohjanteho.net\/wordpress\/index.php\/wp-json\/wp\/v2\/users\/1"}],"replies":[{"embeddable":true,"href":"https:\/\/lohjanteho.net\/wordpress\/index.php\/wp-json\/wp\/v2\/comments?post=30"}],"version-history":[{"count":1,"href":"https:\/\/lohjanteho.net\/wordpress\/index.php\/wp-json\/wp\/v2\/pages\/30\/revisions"}],"predecessor-version":[{"id":31,"href":"https:\/\/lohjanteho.net\/wordpress\/index.php\/wp-json\/wp\/v2\/pages\/30\/revisions\/31"}],"wp:attachment":[{"href":"https:\/\/lohjanteho.net\/wordpress\/index.php\/wp-json\/wp\/v2\/media?parent=30"}],"curies":[{"name":"wp","href":"https:\/\/api.w.org\/{rel}","templated":true}]}}